{"id":6,"date":"2021-10-02T18:13:52","date_gmt":"2021-10-02T18:13:52","guid":{"rendered":"http:\/\/aracelifernandezveterinaria.es\/?page_id=6"},"modified":"2024-03-19T09:54:00","modified_gmt":"2024-03-19T09:54:00","slug":"acerca-de","status":"publish","type":"page","link":"https:\/\/aracelifernandezveterinaria.es\/index.php\/acerca-de\/","title":{"rendered":"Mi consulta"},"content":{"rendered":"\n\n\t<p>Dra.\u00a0<strong>Araceli Fern\u00e1ndez Mart\u00edn<\/strong>,\u00a0<strong>licenciada en Veterinaria<\/strong>\u00a0en el a\u00f1o 1988, defend\u00ed mi tesis doctoral en enero de 2016 con el trabajo de investigaci\u00f3n titulado:\u00bb Hernia perineal canina: reconstrucci\u00f3n del diafragma p\u00e9lvico con malla de polipropileno a trav\u00e9s de doble abordaje\u00bb.<\/p>\n<p>Soy profesor asociado en el departamento de Sanidad Animal en el Hospital Cl\u00ednico Veterinario\u00a0 de la Facultad de Veterinaria de la UCM .<\/p>\n<p>Imparto \u00abPr\u00e1cticas\u00bb y \u00abRotatorio\u00bb a los alumnos de 4\u00ba y 5\u00ba del Grado de Veterinaria adem\u00e1s de llevar la consulta de especialidad Patolog\u00eda Infecciosa y Parasitaria.<\/p>\n<p>En el a\u00f1o 1999 y tras trabajar para varios compa\u00f1eros, abr\u00ed mi propia consulta veterinaria, compagin\u00e1ndolo con mi labor docente en el Hospital Cl\u00ednico Veterinario de la UCM.<\/p>\n<p>Consulta Veterinaria Araceli Fern\u00e1ndez funciona con cita previa, presta un servicio completo, cuenta con los mejores especialistas en cada materia.<\/p>\n<figure><img decoding=\"async\" src=\"http:\/\/aracelifernandezveterinaria.es\/wp-content\/uploads\/2021\/12\/cropped-GEDC1516_mod-1-1024x400.jpg\" alt=\"\" \/><\/figure>\n<p>Mi vocaci\u00f3n por los animales me ha llevado a realizar diversos cursos de especializaci\u00f3n, as\u00ed con la Fundaci\u00f3n Bocal\u00e1n realic\u00e9 el curso \u00abAsistencia con animales para discapacitados f\u00edsicos\u00bb, impartido por profesores de la organizaci\u00f3n ONCE; desde entonces vengo tratando casos de conductas no deseadas con excelentes resultados.<\/p>\n<p><strong>Soy Perito veterinario.<\/strong><\/p>\n<style id=\"wp_carousel_dynamic_css210\">#sp-wp-carousel-free-id-210.sp-wpcp-210 .wpcp-single-item {border: 1px solid #dddddd;}#sp-wp-carousel-free-id-210.sp-wpcp-210 .swiper-button-prev,#sp-wp-carousel-free-id-210.sp-wpcp-210 .swiper-button-next,#sp-wp-carousel-free-id-210.sp-wpcp-210 .swiper-button-prev:hover,#sp-wp-carousel-free-id-210.sp-wpcp-210 .swiper-button-next:hover {background: none;border: none;font-size: 30px;}#sp-wp-carousel-free-id-210.sp-wpcp-210 .swiper-button-prev i,#sp-wp-carousel-free-id-210.sp-wpcp-210 .swiper-button-next i {color: #aaa;}#sp-wp-carousel-free-id-210.sp-wpcp-210 .swiper-button-prev i:hover,#sp-wp-carousel-free-id-210.sp-wpcp-210 .swiper-button-next i:hover {color: #178087;}#sp-wp-carousel-free-id-210.sp-wpcp-210 .wpcp-swiper-dots .swiper-pagination-bullet {background-color: #cccccc;}#sp-wp-carousel-free-id-210.sp-wpcp-210 .wpcp-swiper-dots .swiper-pagination-bullet.swiper-pagination-bullet-active {background-color: #178087;}#sp-wp-carousel-free-id-210 .wpcpro-row>[class*=\"wpcpro-col-\"] { padding: 0 10px; padding-bottom: 20px;}@media (min-width: 480px) { .wpcpro-row .wpcpro-col-sm-1 { flex: 0 0 100%; max-width: 100%; } .wpcpro-row .wpcpro-col-sm-2 { flex: 0 0 50%; max-width: 50%; } .wpcpro-row .wpcpro-col-sm-2-5 { flex: 0 0 75%; max-width: 75%; } .wpcpro-row .wpcpro-col-sm-3 { flex: 0 0 33.333%; max-width: 33.333%; } .wpcpro-row .wpcpro-col-sm-4 { flex: 0 0 25%; max-width: 25%; } .wpcpro-row .wpcpro-col-sm-5 { flex: 0 0 20%; max-width: 20%; } .wpcpro-row .wpcpro-col-sm-6 { flex: 0 0 16.66666666666667%; max-width: 16.66666666666667%; } .wpcpro-row .wpcpro-col-sm-7 { flex: 0 0 14.28571428%; max-width: 14.28571428%; } .wpcpro-row .wpcpro-col-sm-8 { flex: 0 0 12.5%; max-width: 12.5%; } } @media (max-width: 480px) { .wpcpro-row .wpcpro-col-xs-1 { flex: 0 0 100%; max-width: 100%; } .wpcpro-row .wpcpro-col-xs-2 { flex: 0 0 50%; max-width: 50%; } .wpcpro-row .wpcpro-col-xs-3 { flex: 0 0 33.222%; max-width: 33.222%; } .wpcpro-row .wpcpro-col-xs-4 { flex: 0 0 25%; max-width: 25%; } .wpcpro-row .wpcpro-col-xs-5 { flex: 0 0 20%; max-width: 20%; } .wpcpro-row .wpcpro-col-xs-6 { flex: 0 0 16.6667%; max-width: 16.6667%; } .wpcpro-row .wpcpro-col-xs-7 { flex: 0 0 14.28571428%; max-width: 14.28571428%; } .wpcpro-row .wpcpro-col-xs-8 { flex: 0 0 12.5%; max-width: 12.5%; } } @media (min-width: 736px) { .wpcpro-row .wpcpro-col-md-1 { flex: 0 0 100%; max-width: 100%; } .wpcpro-row .wpcpro-col-md-2 { flex: 0 0 50%; max-width: 50%; } .wpcpro-row .wpcpro-col-md-2-5 { flex: 0 0 75%; max-width: 75%; } .wpcpro-row .wpcpro-col-md-3 { flex: 0 0 33.333%; max-width: 33.333%; } .wpcpro-row .wpcpro-col-md-4 { flex: 0 0 25%; max-width: 25%; } .wpcpro-row .wpcpro-col-md-5 { flex: 0 0 20%; max-width: 20%; } .wpcpro-row .wpcpro-col-md-6 { flex: 0 0 16.66666666666667%; max-width: 16.66666666666667%; } .wpcpro-row .wpcpro-col-md-7 { flex: 0 0 14.28571428%; max-width: 14.28571428%; } .wpcpro-row .wpcpro-col-md-8 { flex: 0 0 12.5%; max-width: 12.5%; } } @media (min-width: 980px) { .wpcpro-row .wpcpro-col-lg-1 { flex: 0 0 100%; max-width: 100%; } .wpcpro-row .wpcpro-col-lg-2 { flex: 0 0 50%; max-width: 50%; } .wpcpro-row .wpcpro-col-lg-3 { flex: 0 0 33.222%; max-width: 33.222%; } .wpcpro-row .wpcpro-col-lg-4 { flex: 0 0 25%; max-width: 25%; } .wpcpro-row .wpcpro-col-lg-5 { flex: 0 0 20%; max-width: 20%; } .wpcpro-row .wpcpro-col-lg-6 { flex: 0 0 16.6667%; max-width: 16.6667%; } .wpcpro-row .wpcpro-col-lg-7 { flex: 0 0 14.28571428%; max-width: 14.28571428%; } .wpcpro-row .wpcpro-col-lg-8 { flex: 0 0 12.5%; max-width: 12.5%; } } @media (min-width: 1200px) { .wpcpro-row .wpcpro-col-xl-1 { flex: 0 0 100%; max-width: 100%; } .wpcpro-row .wpcpro-col-xl-2 { flex: 0 0 50%; max-width: 50%; } .wpcpro-row .wpcpro-col-xl-3 { flex: 0 0 33.22222222%; max-width: 33.22222222%; } .wpcpro-row .wpcpro-col-xl-4 { flex: 0 0 25%; max-width: 25%; } .wpcpro-row .wpcpro-col-xl-5 { flex: 0 0 20%; max-width: 20%; } .wpcpro-row .wpcpro-col-xl-6 { flex: 0 0 16.66667%; max-width: 16.66667%; } .wpcpro-row .wpcpro-col-xl-7 { flex: 0 0 14.28571428%; max-width: 14.28571428%; } .wpcpro-row .wpcpro-col-xl-8 { flex: 0 0 12.5%; max-width: 12.5%; } }.slick-slide > div > div {display: flex !important;justify-content: center !important;}.slick-dots { display: none !important;}<\/style><div class=\"wpcp-carousel-wrapper wpcp-wrapper-210\">\n\t<div id=\"wpcp-preloader-210\" class=\"wpcp-carousel-preloader\"><img decoding=\"async\" src=\"https:\/\/aracelifernandezveterinaria.es\/wp-content\/plugins\/wp-carousel-free\/public\/css\/spinner.svg\" alt=\"Preloader Image\" \/><\/div>\t<div class=\"wpcp-carousel-content-wrapper\">\n\t<div id=\"sp-wp-carousel-free-id-210\" class=\"wpcp-carousel-section sp-wpcp-210  nav-vertical-center wpcp-image-carousel wpcp-preloader wpcp-standard\" data-swiper='{ \"accessibility\":true, \"spaceBetween\":20, \"arrows\":true, \"freeMode\": false, \"autoplay\":true, \"autoplaySpeed\":3000, \"dots\":true, \"infinite\":true, \"speed\":600, \"pauseOnHover\":true,\n\t\t\t\"slidesToShow\":{\"lg_desktop\":1, \"desktop\": 1, \"laptop\": 1, \"tablet\": 1, \"mobile\": 1}, \"responsive\":{\"desktop\":1200, \"laptop\": 980, \"tablet\": 736, \"mobile\": 480}, \"rtl\":false, \"lazyLoad\": \"false\", \"swipe\": true, \"draggable\": true, \"swipeToSlide\":false }'   dir=\"ltr\">\n\t\t<div class=\"swiper-wrapper\">\n\t\t<div class=\"swiper-slide\">\n\t<div class=\"wpcp-single-item\">\n\t\t<div class=\"wpcp-slide-image\">\n\t<img loading=\"lazy\" decoding=\"async\" class=\"skip-lazy\" src=\"https:\/\/aracelifernandezveterinaria.es\/wp-content\/uploads\/2021\/12\/GEDC1473-740x456.jpg\" alt=\"\" width=\"740\" height=\"456\"><\/div>\n\t<\/div>\n<\/div>\n\t<div class=\"swiper-slide\">\n\t<div class=\"wpcp-single-item\">\n\t\t<div class=\"wpcp-slide-image\">\n\t<img loading=\"lazy\" decoding=\"async\" class=\"skip-lazy\" src=\"https:\/\/aracelifernandezveterinaria.es\/wp-content\/uploads\/2021\/12\/GEDC1474-740x456.jpg\" alt=\"\" width=\"740\" height=\"456\"><\/div>\n\t<\/div>\n<\/div>\n\t<div class=\"swiper-slide\">\n\t<div class=\"wpcp-single-item\">\n\t\t<div class=\"wpcp-slide-image\">\n\t<img loading=\"lazy\" decoding=\"async\" class=\"skip-lazy\" src=\"https:\/\/aracelifernandezveterinaria.es\/wp-content\/uploads\/2021\/12\/GEDC1516_mod-740x456.jpg\" alt=\"\" width=\"740\" height=\"456\"><\/div>\n\t<\/div>\n<\/div>\n\t<div class=\"swiper-slide\">\n\t<div class=\"wpcp-single-item\">\n\t\t<div class=\"wpcp-slide-image\">\n\t<img loading=\"lazy\" decoding=\"async\" class=\"skip-lazy\" src=\"https:\/\/aracelifernandezveterinaria.es\/wp-content\/uploads\/2021\/12\/GEDC1518_mod-740x456.jpg\" alt=\"\" width=\"740\" height=\"456\"><\/div>\n\t<\/div>\n<\/div>\n\t<div class=\"swiper-slide\">\n\t<div class=\"wpcp-single-item\">\n\t\t<div class=\"wpcp-slide-image\">\n\t<img loading=\"lazy\" decoding=\"async\" class=\"skip-lazy\" src=\"https:\/\/aracelifernandezveterinaria.es\/wp-content\/uploads\/2021\/12\/GEDC1522_mod-740x456.jpg\" alt=\"Araceli Fern\u00e1ndez\" width=\"740\" height=\"456\"><\/div>\n\t<\/div>\n<\/div>\n\t<div class=\"swiper-slide\">\n\t<div class=\"wpcp-single-item\">\n\t\t<div class=\"wpcp-slide-image\">\n\t<img loading=\"lazy\" decoding=\"async\" class=\"skip-lazy\" src=\"https:\/\/aracelifernandezveterinaria.es\/wp-content\/uploads\/2021\/12\/GEDC1525-740x456.jpg\" alt=\"\" width=\"740\" height=\"456\"><\/div>\n\t<\/div>\n<\/div>\n\t<div class=\"swiper-slide\">\n\t<div class=\"wpcp-single-item\">\n\t\t<div class=\"wpcp-slide-image\">\n\t<img loading=\"lazy\" decoding=\"async\" class=\"skip-lazy\" src=\"https:\/\/aracelifernandezveterinaria.es\/wp-content\/uploads\/2021\/12\/GEDC1536-740x456.jpg\" alt=\"\" width=\"740\" height=\"456\"><\/div>\n\t<\/div>\n<\/div>\n\t<div class=\"swiper-slide\">\n\t<div class=\"wpcp-single-item\">\n\t\t<div class=\"wpcp-slide-image\">\n\t<img loading=\"lazy\" decoding=\"async\" class=\"skip-lazy\" src=\"https:\/\/aracelifernandezveterinaria.es\/wp-content\/uploads\/2021\/12\/GEDC1537-740x456.jpg\" alt=\"\" width=\"740\" height=\"456\"><\/div>\n\t<\/div>\n<\/div>\n\t<div class=\"swiper-slide\">\n\t<div class=\"wpcp-single-item\">\n\t\t<div class=\"wpcp-slide-image\">\n\t<img loading=\"lazy\" decoding=\"async\" class=\"skip-lazy\" src=\"https:\/\/aracelifernandezveterinaria.es\/wp-content\/uploads\/2021\/12\/GEDC1539-740x456.jpg\" alt=\"\" width=\"740\" height=\"456\"><\/div>\n\t<\/div>\n<\/div>\n\t<div class=\"swiper-slide\">\n\t<div class=\"wpcp-single-item\">\n\t\t<div class=\"wpcp-slide-image\">\n\t<img loading=\"lazy\" decoding=\"async\" class=\"skip-lazy\" src=\"https:\/\/aracelifernandezveterinaria.es\/wp-content\/uploads\/2021\/12\/GEDC1546-740x456.jpg\" alt=\"\" width=\"740\" height=\"456\"><\/div>\n\t<\/div>\n<\/div>\n\t<div class=\"swiper-slide\">\n\t<div class=\"wpcp-single-item\">\n\t\t<div class=\"wpcp-slide-image\">\n\t<img loading=\"lazy\" decoding=\"async\" class=\"skip-lazy\" src=\"https:\/\/aracelifernandezveterinaria.es\/wp-content\/uploads\/2021\/12\/GEDC1548-740x456.jpg\" alt=\"\" width=\"740\" height=\"456\"><\/div>\n\t<\/div>\n<\/div>\n\t<div class=\"swiper-slide\">\n\t<div class=\"wpcp-single-item\">\n\t\t<div class=\"wpcp-slide-image\">\n\t<img loading=\"lazy\" decoding=\"async\" class=\"skip-lazy\" src=\"https:\/\/aracelifernandezveterinaria.es\/wp-content\/uploads\/2021\/12\/GEDC1549-740x456.jpg\" alt=\"\" width=\"740\" height=\"456\"><\/div>\n\t<\/div>\n<\/div>\n\t<div class=\"swiper-slide\">\n\t<div class=\"wpcp-single-item\">\n\t\t<div class=\"wpcp-slide-image\">\n\t<img loading=\"lazy\" decoding=\"async\" class=\"skip-lazy\" src=\"https:\/\/aracelifernandezveterinaria.es\/wp-content\/uploads\/2021\/12\/GEDC1551-740x456.jpg\" alt=\"\" width=\"740\" height=\"456\"><\/div>\n\t<\/div>\n<\/div>\n\t\t\t<\/div>\n\t\t\t\t\t<div class=\"wpcp-swiper-dots swiper-pagination\"><\/div>\n\t\t\t\t<!-- If we need navigation buttons -->\n\t\t\t\t\t<div class=\"wpcp-prev-button swiper-button-prev\"><i class=\"fa fa-angle-left\"><\/i><\/div>\n\t\t\t<div class=\"wpcp-next-button swiper-button-next\"><i class=\"fa fa-angle-right\"><\/i><\/div>\n\t\t\t<\/div>\n\t<\/div>\n<\/div>\n\n<h2><strong>Horario<\/strong><\/h2>\n<p>Calle del R\u00edo Tajo 4. Urbanizaci\u00f3n Riomonte 28420 La Navata, Madrid.<\/p>\nPrevia petici\u00f3n de cita :\u00a0 609022313<br \/>\nUrgencias : 609022313\n<p><iframe loading=\"lazy\" src=\"https:\/\/www.google.com\/maps\/embed?pb=!1m18!1m12!1m3!1d3029.7780349508785!2d-3.984159623895687!3d40.59065464503523!2m3!1f0!2f0!3f0!3m2!1i1024!2i768!4f13.1!3m3!1m2!1s0xd417673ea24e117%3A0xa1aaf943d7f7b8c5!2sC.%20del%20R%C3%ADo%20Tajo%2C%204%2C%2028420%20Galapagar%2C%20Madrid!5e0!3m2!1ses-419!2ses!4v1681664427020!5m2!1ses-419!2ses\" width=\"600\" height=\"450\" allowfullscreen=\"allowfullscreen\"><\/iframe><\/p>\n\n","protected":false},"excerpt":{"rendered":"<p>Dra.\u00a0Araceli Fern\u00e1ndez Mart\u00edn,\u00a0licenciada en Veterinaria\u00a0en el a\u00f1o 1988, defend\u00ed mi tesis doctoral en enero de 2016 con el trabajo de investigaci\u00f3n titulado:\u00bb Hernia perineal canina: reconstrucci\u00f3n del diafragma p\u00e9lvico con &hellip; <\/p>\n","protected":false},"author":1,"featured_media":0,"parent":0,"menu_order":0,"comment_status":"closed","ping_status":"closed","template":"","meta":{"footnotes":""},"class_list":["post-6","page","type-page","status-publish","hentry","has-meta has-sticky-meta"],"_links":{"self":[{"href":"https:\/\/aracelifernandezveterinaria.es\/index.php\/wp-json\/wp\/v2\/pages\/6","targetHints":{"allow":["GET"]}}],"collection":[{"href":"https:\/\/aracelifernandezveterinaria.es\/index.php\/wp-json\/wp\/v2\/pages"}],"about":[{"href":"https:\/\/aracelifernandezveterinaria.es\/index.php\/wp-json\/wp\/v2\/types\/page"}],"author":[{"embeddable":true,"href":"https:\/\/aracelifernandezveterinaria.es\/index.php\/wp-json\/wp\/v2\/users\/1"}],"replies":[{"embeddable":true,"href":"https:\/\/aracelifernandezveterinaria.es\/index.php\/wp-json\/wp\/v2\/comments?post=6"}],"version-history":[{"count":1,"href":"https:\/\/aracelifernandezveterinaria.es\/index.php\/wp-json\/wp\/v2\/pages\/6\/revisions"}],"predecessor-version":[{"id":295,"href":"https:\/\/aracelifernandezveterinaria.es\/index.php\/wp-json\/wp\/v2\/pages\/6\/revisions\/295"}],"wp:attachment":[{"href":"https:\/\/aracelifernandezveterinaria.es\/index.php\/wp-json\/wp\/v2\/media?parent=6"}],"curies":[{"name":"wp","href":"https:\/\/api.w.org\/{rel}","templated":true}]}}