{"id":7,"date":"2021-10-02T18:13:52","date_gmt":"2021-10-02T18:13:52","guid":{"rendered":"http:\/\/aracelifernandezveterinaria.es\/?page_id=7"},"modified":"2024-03-19T09:52:12","modified_gmt":"2024-03-19T09:52:12","slug":"contacto","status":"publish","type":"page","link":"https:\/\/aracelifernandezveterinaria.es\/index.php\/contacto\/","title":{"rendered":"Contacto"},"content":{"rendered":"\n<p>Cl\u00ednica Veterinaria Doctora Araceli Fern\u00e1ndez<\/p>\n\n\n\n<p class=\"has-medium-font-size\">Tel\u00e9fono petici\u00f3n de cita previa y urgencias: <strong style=\"font-size: var(--wp--preset--font-size--medium); color: var( --e-global-color-text ); font-family: var( --e-global-typography-text-font-family ), Sans-serif; background-color: ;\">\u00a0609022313<\/strong><\/p>\n\n\n<h2>Horario<\/h2>\n\n\n<p class=\"has-medium-font-size\">Se trabaja con cita previa.<\/p>\n","protected":false},"excerpt":{"rendered":"<p>Cl\u00ednica Veterinaria Doctora Araceli Fern\u00e1ndez Tel\u00e9fono petici\u00f3n de cita previa y urgencias: \u00a0609022313 Horario Se trabaja con cita previa.<\/p>\n","protected":false},"author":1,"featured_media":0,"parent":0,"menu_order":0,"comment_status":"closed","ping_status":"closed","template":"","meta":{"footnotes":""},"class_list":["post-7","page","type-page","status-publish","hentry","has-meta has-sticky-meta"],"_links":{"self":[{"href":"https:\/\/aracelifernandezveterinaria.es\/index.php\/wp-json\/wp\/v2\/pages\/7","targetHints":{"allow":["GET"]}}],"collection":[{"href":"https:\/\/aracelifernandezveterinaria.es\/index.php\/wp-json\/wp\/v2\/pages"}],"about":[{"href":"https:\/\/aracelifernandezveterinaria.es\/index.php\/wp-json\/wp\/v2\/types\/page"}],"author":[{"embeddable":true,"href":"https:\/\/aracelifernandezveterinaria.es\/index.php\/wp-json\/wp\/v2\/users\/1"}],"replies":[{"embeddable":true,"href":"https:\/\/aracelifernandezveterinaria.es\/index.php\/wp-json\/wp\/v2\/comments?post=7"}],"version-history":[{"count":1,"href":"https:\/\/aracelifernandezveterinaria.es\/index.php\/wp-json\/wp\/v2\/pages\/7\/revisions"}],"predecessor-version":[{"id":294,"href":"https:\/\/aracelifernandezveterinaria.es\/index.php\/wp-json\/wp\/v2\/pages\/7\/revisions\/294"}],"wp:attachment":[{"href":"https:\/\/aracelifernandezveterinaria.es\/index.php\/wp-json\/wp\/v2\/media?parent=7"}],"curies":[{"name":"wp","href":"https:\/\/api.w.org\/{rel}","templated":true}]}}